{"id":701,"date":"2025-03-11T08:45:41","date_gmt":"2025-03-11T07:45:41","guid":{"rendered":"https:\/\/sybillemarvin.com\/?post_type=product&#038;p=701"},"modified":"2025-03-11T08:51:29","modified_gmt":"2025-03-11T07:51:29","slug":"une-heureuse-nouvelle","status":"publish","type":"product","link":"https:\/\/sybillemarvin.com\/index.php\/produit\/une-heureuse-nouvelle\/","title":{"rendered":"Une heureuse nouvelle &#8230;"},"content":{"rendered":"<div dir=\"ltr\">\n<div>\n<div>\n<p><strong>Devenir m\u00e8re n&rsquo;a jamais \u00e9t\u00e9 le r\u00eave de Clarisse.<\/strong><\/p>\n<p>&nbsp;<\/p>\n<\/div>\n<div>Libre, ind\u00e9pendante et spontan\u00e9e, elle pr\u00e9f\u00e8re collectionner les aventures d&rsquo;un soir et passer des soir\u00e9es entre filles avec sa meilleure amie, Marion. \u00catre maman, tr\u00e8s peu pour elle.<\/div>\n<div>Mais un jour, \u00e0 sa grande surprise, elle d\u00e9couvre qu&rsquo;elle va bient\u00f4t accoucher, sans m\u00eame savoir qu&rsquo;elle \u00e9tait enceinte. Et pour couronner le tout, l&rsquo;identit\u00e9 du p\u00e8re reste un myst\u00e8re, entre trois hommes possibles\u2026<\/div>\n<div>Ce d\u00e9ni de grossesse va bouleverser sa vie, ses relations et ses convictions. Clarisse devra faire un choix crucial : embrasser la maternit\u00e9 avec toutes ses responsabilit\u00e9s ou conserver sa libert\u00e9, et renoncer \u00e0 ce b\u00e9b\u00e9.<\/div>\n<div>Entre doutes, maladresses, escapades, situations cocasses et \u00e9motions d\u00e9bordantes, embarquez dans l&rsquo;univers d\u00e9jant\u00e9 et impr\u00e9visible de Clarisse !<\/div>\n<\/div>\n<\/div>\n<div dir=\"ltr\"><\/div>\n","protected":false},"excerpt":{"rendered":"<p>Devenir m\u00e8re n&rsquo;a jamais \u00e9t\u00e9 le r\u00eave de Clarisse. &nbsp; Libre, ind\u00e9pendante et spontan\u00e9e, elle pr\u00e9f\u00e8re collectionner les aventures d&rsquo;un soir et passer des soir\u00e9es entre filles avec sa meilleure amie, Marion. \u00catre maman, tr\u00e8s peu pour elle. Mais un jour, \u00e0 sa grande surprise, elle d\u00e9couvre qu&rsquo;elle va bient\u00f4t accoucher, sans m\u00eame savoir qu&rsquo;elle [&hellip;]<\/p>\n","protected":false},"featured_media":702,"comment_status":"closed","ping_status":"closed","template":"","meta":[],"product_brand":[],"product_cat":[29],"product_tag":[30],"class_list":{"0":"post-701","1":"product","2":"type-product","3":"status-publish","4":"has-post-thumbnail","6":"product_cat-feelgood","7":"product_tag-feelgood","8":"wcpa_has_options","10":"first","11":"onbackorder","12":"taxable","13":"shipping-taxable","14":"purchasable","15":"product-type-simple"},"yoast_head":"<!-- This site is optimized with the Yoast SEO plugin v27.5 - https:\/\/yoast.com\/product\/yoast-seo-wordpress\/ -->\n<title>Une heureuse nouvelle ... - Sybille Marvin<\/title>\n<meta name=\"description\" content=\"Quand Clarisse, ind\u00e9pendante et allergique \u00e0 l&#039;id\u00e9e d\u2019\u00eatre m\u00e8re, d\u00e9couvre qu&#039;elle va accoucher apr\u00e8s un d\u00e9ni de grossesse, sa vie bascule. Trois p\u00e8res possibles, des choix cruciaux et des situations cocasses\u2026 Plongez dans cette com\u00e9die pleine d\u2019\u00e9motions et de rebondissements ! \ud83d\udcd6\u2728\" \/>\n<meta name=\"robots\" content=\"index, follow, max-snippet:-1, max-image-preview:large, max-video-preview:-1\" \/>\n<link rel=\"canonical\" href=\"https:\/\/sybillemarvin.com\/index.php\/produit\/une-heureuse-nouvelle\/\" \/>\n<meta property=\"og:locale\" content=\"fr_FR\" \/>\n<meta property=\"og:type\" content=\"article\" \/>\n<meta property=\"og:title\" content=\"Une heureuse nouvelle ... - Sybille Marvin\" \/>\n<meta property=\"og:description\" content=\"Quand Clarisse, ind\u00e9pendante et allergique \u00e0 l&#039;id\u00e9e d\u2019\u00eatre m\u00e8re, d\u00e9couvre qu&#039;elle va accoucher apr\u00e8s un d\u00e9ni de grossesse, sa vie bascule. Trois p\u00e8res possibles, des choix cruciaux et des situations cocasses\u2026 Plongez dans cette com\u00e9die pleine d\u2019\u00e9motions et de rebondissements ! \ud83d\udcd6\u2728\" \/>\n<meta property=\"og:url\" content=\"https:\/\/sybillemarvin.com\/index.php\/produit\/une-heureuse-nouvelle\/\" \/>\n<meta property=\"og:site_name\" content=\"Sybille Marvin\" \/>\n<meta property=\"article:publisher\" content=\"https:\/\/www.facebook.com\/people\/Sybille-Marvin\/pfbid0RmhxE8VKfphhY3YttAS7QKAtqhbfSNSvVz1U761sS4WK4gnhRzLCUJa9GxmBU79ul\/\" \/>\n<meta property=\"article:modified_time\" content=\"2025-03-11T07:51:29+00:00\" \/>\n<meta property=\"og:image\" content=\"http:\/\/sybillemarvin.com\/wp-content\/uploads\/2025\/03\/Une-heureuse-nouvelle.-HD-scaled.jpg\" \/>\n\t<meta property=\"og:image:width\" content=\"1671\" \/>\n\t<meta property=\"og:image:height\" content=\"2560\" \/>\n\t<meta property=\"og:image:type\" content=\"image\/jpeg\" \/>\n<meta name=\"twitter:card\" content=\"summary_large_image\" \/>\n<meta name=\"twitter:label1\" content=\"Dur\u00e9e de lecture estim\u00e9e\" \/>\n\t<meta name=\"twitter:data1\" content=\"1 minute\" \/>\n<script type=\"application\/ld+json\" class=\"yoast-schema-graph\">{\"@context\":\"https:\\\/\\\/schema.org\",\"@graph\":[{\"@type\":\"WebPage\",\"@id\":\"https:\\\/\\\/sybillemarvin.com\\\/index.php\\\/produit\\\/une-heureuse-nouvelle\\\/\",\"url\":\"https:\\\/\\\/sybillemarvin.com\\\/index.php\\\/produit\\\/une-heureuse-nouvelle\\\/\",\"name\":\"Une heureuse nouvelle ... - Sybille Marvin\",\"isPartOf\":{\"@id\":\"https:\\\/\\\/sybillemarvin.com\\\/#website\"},\"primaryImageOfPage\":{\"@id\":\"https:\\\/\\\/sybillemarvin.com\\\/index.php\\\/produit\\\/une-heureuse-nouvelle\\\/#primaryimage\"},\"image\":{\"@id\":\"https:\\\/\\\/sybillemarvin.com\\\/index.php\\\/produit\\\/une-heureuse-nouvelle\\\/#primaryimage\"},\"thumbnailUrl\":\"https:\\\/\\\/sybillemarvin.com\\\/wp-content\\\/uploads\\\/2025\\\/03\\\/Une-heureuse-nouvelle.-HD-scaled.jpg\",\"datePublished\":\"2025-03-11T07:45:41+00:00\",\"dateModified\":\"2025-03-11T07:51:29+00:00\",\"description\":\"Quand Clarisse, ind\u00e9pendante et allergique \u00e0 l'id\u00e9e d\u2019\u00eatre m\u00e8re, d\u00e9couvre qu'elle va accoucher apr\u00e8s un d\u00e9ni de grossesse, sa vie bascule. Trois p\u00e8res possibles, des choix cruciaux et des situations cocasses\u2026 Plongez dans cette com\u00e9die pleine d\u2019\u00e9motions et de rebondissements ! \ud83d\udcd6\u2728\",\"breadcrumb\":{\"@id\":\"https:\\\/\\\/sybillemarvin.com\\\/index.php\\\/produit\\\/une-heureuse-nouvelle\\\/#breadcrumb\"},\"inLanguage\":\"fr-FR\",\"potentialAction\":[{\"@type\":\"ReadAction\",\"target\":[\"https:\\\/\\\/sybillemarvin.com\\\/index.php\\\/produit\\\/une-heureuse-nouvelle\\\/\"]}]},{\"@type\":\"ImageObject\",\"inLanguage\":\"fr-FR\",\"@id\":\"https:\\\/\\\/sybillemarvin.com\\\/index.php\\\/produit\\\/une-heureuse-nouvelle\\\/#primaryimage\",\"url\":\"https:\\\/\\\/sybillemarvin.com\\\/wp-content\\\/uploads\\\/2025\\\/03\\\/Une-heureuse-nouvelle.-HD-scaled.jpg\",\"contentUrl\":\"https:\\\/\\\/sybillemarvin.com\\\/wp-content\\\/uploads\\\/2025\\\/03\\\/Une-heureuse-nouvelle.-HD-scaled.jpg\",\"width\":1671,\"height\":2560},{\"@type\":\"BreadcrumbList\",\"@id\":\"https:\\\/\\\/sybillemarvin.com\\\/index.php\\\/produit\\\/une-heureuse-nouvelle\\\/#breadcrumb\",\"itemListElement\":[{\"@type\":\"ListItem\",\"position\":1,\"name\":\"Accueil\",\"item\":\"https:\\\/\\\/sybillemarvin.com\\\/\"},{\"@type\":\"ListItem\",\"position\":2,\"name\":\"Boutique\",\"item\":\"https:\\\/\\\/sybillemarvin.com\\\/index.php\\\/boutique\\\/\"},{\"@type\":\"ListItem\",\"position\":3,\"name\":\"Une heureuse nouvelle &#8230;\"}]},{\"@type\":\"WebSite\",\"@id\":\"https:\\\/\\\/sybillemarvin.com\\\/#website\",\"url\":\"https:\\\/\\\/sybillemarvin.com\\\/\",\"name\":\"Sybille Marvin\",\"description\":\"Autrice\",\"publisher\":{\"@id\":\"https:\\\/\\\/sybillemarvin.com\\\/#organization\"},\"potentialAction\":[{\"@type\":\"SearchAction\",\"target\":{\"@type\":\"EntryPoint\",\"urlTemplate\":\"https:\\\/\\\/sybillemarvin.com\\\/?s={search_term_string}\"},\"query-input\":{\"@type\":\"PropertyValueSpecification\",\"valueRequired\":true,\"valueName\":\"search_term_string\"}}],\"inLanguage\":\"fr-FR\"},{\"@type\":\"Organization\",\"@id\":\"https:\\\/\\\/sybillemarvin.com\\\/#organization\",\"name\":\"Sybille Marvin\",\"url\":\"https:\\\/\\\/sybillemarvin.com\\\/\",\"logo\":{\"@type\":\"ImageObject\",\"inLanguage\":\"fr-FR\",\"@id\":\"https:\\\/\\\/sybillemarvin.com\\\/#\\\/schema\\\/logo\\\/image\\\/\",\"url\":\"https:\\\/\\\/sybillemarvin.com\\\/wp-content\\\/uploads\\\/2024\\\/06\\\/DALL\u00b7E-2024-06-05-17.27.58-Create-a-logo-for-a-novelist-named-Sybille-Marvin.-The-design-should-be-elegant-and-literary-incorporating-elements-such-as-a-quill-pen-an-open-book.webp\",\"contentUrl\":\"https:\\\/\\\/sybillemarvin.com\\\/wp-content\\\/uploads\\\/2024\\\/06\\\/DALL\u00b7E-2024-06-05-17.27.58-Create-a-logo-for-a-novelist-named-Sybille-Marvin.-The-design-should-be-elegant-and-literary-incorporating-elements-such-as-a-quill-pen-an-open-book.webp\",\"width\":1024,\"height\":1024,\"caption\":\"Sybille Marvin\"},\"image\":{\"@id\":\"https:\\\/\\\/sybillemarvin.com\\\/#\\\/schema\\\/logo\\\/image\\\/\"},\"sameAs\":[\"https:\\\/\\\/www.facebook.com\\\/people\\\/Sybille-Marvin\\\/pfbid0RmhxE8VKfphhY3YttAS7QKAtqhbfSNSvVz1U761sS4WK4gnhRzLCUJa9GxmBU79ul\\\/\",\"https:\\\/\\\/www.instagram.com\\\/sybillemarvin\\\/\"]}]}<\/script>\n<!-- \/ Yoast SEO plugin. -->","yoast_head_json":{"title":"Une heureuse nouvelle ... - Sybille Marvin","description":"Quand Clarisse, ind\u00e9pendante et allergique \u00e0 l'id\u00e9e d\u2019\u00eatre m\u00e8re, d\u00e9couvre qu'elle va accoucher apr\u00e8s un d\u00e9ni de grossesse, sa vie bascule. Trois p\u00e8res possibles, des choix cruciaux et des situations cocasses\u2026 Plongez dans cette com\u00e9die pleine d\u2019\u00e9motions et de rebondissements ! \ud83d\udcd6\u2728","robots":{"index":"index","follow":"follow","max-snippet":"max-snippet:-1","max-image-preview":"max-image-preview:large","max-video-preview":"max-video-preview:-1"},"canonical":"https:\/\/sybillemarvin.com\/index.php\/produit\/une-heureuse-nouvelle\/","og_locale":"fr_FR","og_type":"article","og_title":"Une heureuse nouvelle ... - Sybille Marvin","og_description":"Quand Clarisse, ind\u00e9pendante et allergique \u00e0 l'id\u00e9e d\u2019\u00eatre m\u00e8re, d\u00e9couvre qu'elle va accoucher apr\u00e8s un d\u00e9ni de grossesse, sa vie bascule. Trois p\u00e8res possibles, des choix cruciaux et des situations cocasses\u2026 Plongez dans cette com\u00e9die pleine d\u2019\u00e9motions et de rebondissements ! \ud83d\udcd6\u2728","og_url":"https:\/\/sybillemarvin.com\/index.php\/produit\/une-heureuse-nouvelle\/","og_site_name":"Sybille Marvin","article_publisher":"https:\/\/www.facebook.com\/people\/Sybille-Marvin\/pfbid0RmhxE8VKfphhY3YttAS7QKAtqhbfSNSvVz1U761sS4WK4gnhRzLCUJa9GxmBU79ul\/","article_modified_time":"2025-03-11T07:51:29+00:00","og_image":[{"width":1671,"height":2560,"url":"http:\/\/sybillemarvin.com\/wp-content\/uploads\/2025\/03\/Une-heureuse-nouvelle.-HD-scaled.jpg","type":"image\/jpeg"}],"twitter_card":"summary_large_image","twitter_misc":{"Dur\u00e9e de lecture estim\u00e9e":"1 minute"},"schema":{"@context":"https:\/\/schema.org","@graph":[{"@type":"WebPage","@id":"https:\/\/sybillemarvin.com\/index.php\/produit\/une-heureuse-nouvelle\/","url":"https:\/\/sybillemarvin.com\/index.php\/produit\/une-heureuse-nouvelle\/","name":"Une heureuse nouvelle ... - Sybille Marvin","isPartOf":{"@id":"https:\/\/sybillemarvin.com\/#website"},"primaryImageOfPage":{"@id":"https:\/\/sybillemarvin.com\/index.php\/produit\/une-heureuse-nouvelle\/#primaryimage"},"image":{"@id":"https:\/\/sybillemarvin.com\/index.php\/produit\/une-heureuse-nouvelle\/#primaryimage"},"thumbnailUrl":"https:\/\/sybillemarvin.com\/wp-content\/uploads\/2025\/03\/Une-heureuse-nouvelle.-HD-scaled.jpg","datePublished":"2025-03-11T07:45:41+00:00","dateModified":"2025-03-11T07:51:29+00:00","description":"Quand Clarisse, ind\u00e9pendante et allergique \u00e0 l'id\u00e9e d\u2019\u00eatre m\u00e8re, d\u00e9couvre qu'elle va accoucher apr\u00e8s un d\u00e9ni de grossesse, sa vie bascule. Trois p\u00e8res possibles, des choix cruciaux et des situations cocasses\u2026 Plongez dans cette com\u00e9die pleine d\u2019\u00e9motions et de rebondissements ! \ud83d\udcd6\u2728","breadcrumb":{"@id":"https:\/\/sybillemarvin.com\/index.php\/produit\/une-heureuse-nouvelle\/#breadcrumb"},"inLanguage":"fr-FR","potentialAction":[{"@type":"ReadAction","target":["https:\/\/sybillemarvin.com\/index.php\/produit\/une-heureuse-nouvelle\/"]}]},{"@type":"ImageObject","inLanguage":"fr-FR","@id":"https:\/\/sybillemarvin.com\/index.php\/produit\/une-heureuse-nouvelle\/#primaryimage","url":"https:\/\/sybillemarvin.com\/wp-content\/uploads\/2025\/03\/Une-heureuse-nouvelle.-HD-scaled.jpg","contentUrl":"https:\/\/sybillemarvin.com\/wp-content\/uploads\/2025\/03\/Une-heureuse-nouvelle.-HD-scaled.jpg","width":1671,"height":2560},{"@type":"BreadcrumbList","@id":"https:\/\/sybillemarvin.com\/index.php\/produit\/une-heureuse-nouvelle\/#breadcrumb","itemListElement":[{"@type":"ListItem","position":1,"name":"Accueil","item":"https:\/\/sybillemarvin.com\/"},{"@type":"ListItem","position":2,"name":"Boutique","item":"https:\/\/sybillemarvin.com\/index.php\/boutique\/"},{"@type":"ListItem","position":3,"name":"Une heureuse nouvelle &#8230;"}]},{"@type":"WebSite","@id":"https:\/\/sybillemarvin.com\/#website","url":"https:\/\/sybillemarvin.com\/","name":"Sybille Marvin","description":"Autrice","publisher":{"@id":"https:\/\/sybillemarvin.com\/#organization"},"potentialAction":[{"@type":"SearchAction","target":{"@type":"EntryPoint","urlTemplate":"https:\/\/sybillemarvin.com\/?s={search_term_string}"},"query-input":{"@type":"PropertyValueSpecification","valueRequired":true,"valueName":"search_term_string"}}],"inLanguage":"fr-FR"},{"@type":"Organization","@id":"https:\/\/sybillemarvin.com\/#organization","name":"Sybille Marvin","url":"https:\/\/sybillemarvin.com\/","logo":{"@type":"ImageObject","inLanguage":"fr-FR","@id":"https:\/\/sybillemarvin.com\/#\/schema\/logo\/image\/","url":"https:\/\/sybillemarvin.com\/wp-content\/uploads\/2024\/06\/DALL\u00b7E-2024-06-05-17.27.58-Create-a-logo-for-a-novelist-named-Sybille-Marvin.-The-design-should-be-elegant-and-literary-incorporating-elements-such-as-a-quill-pen-an-open-book.webp","contentUrl":"https:\/\/sybillemarvin.com\/wp-content\/uploads\/2024\/06\/DALL\u00b7E-2024-06-05-17.27.58-Create-a-logo-for-a-novelist-named-Sybille-Marvin.-The-design-should-be-elegant-and-literary-incorporating-elements-such-as-a-quill-pen-an-open-book.webp","width":1024,"height":1024,"caption":"Sybille Marvin"},"image":{"@id":"https:\/\/sybillemarvin.com\/#\/schema\/logo\/image\/"},"sameAs":["https:\/\/www.facebook.com\/people\/Sybille-Marvin\/pfbid0RmhxE8VKfphhY3YttAS7QKAtqhbfSNSvVz1U761sS4WK4gnhRzLCUJa9GxmBU79ul\/","https:\/\/www.instagram.com\/sybillemarvin\/"]}]}},"jetpack_sharing_enabled":true,"_links":{"self":[{"href":"https:\/\/sybillemarvin.com\/index.php\/wp-json\/wp\/v2\/product\/701","targetHints":{"allow":["GET"]}}],"collection":[{"href":"https:\/\/sybillemarvin.com\/index.php\/wp-json\/wp\/v2\/product"}],"about":[{"href":"https:\/\/sybillemarvin.com\/index.php\/wp-json\/wp\/v2\/types\/product"}],"replies":[{"embeddable":true,"href":"https:\/\/sybillemarvin.com\/index.php\/wp-json\/wp\/v2\/comments?post=701"}],"wp:featuredmedia":[{"embeddable":true,"href":"https:\/\/sybillemarvin.com\/index.php\/wp-json\/wp\/v2\/media\/702"}],"wp:attachment":[{"href":"https:\/\/sybillemarvin.com\/index.php\/wp-json\/wp\/v2\/media?parent=701"}],"wp:term":[{"taxonomy":"product_brand","embeddable":true,"href":"https:\/\/sybillemarvin.com\/index.php\/wp-json\/wp\/v2\/product_brand?post=701"},{"taxonomy":"product_cat","embeddable":true,"href":"https:\/\/sybillemarvin.com\/index.php\/wp-json\/wp\/v2\/product_cat?post=701"},{"taxonomy":"product_tag","embeddable":true,"href":"https:\/\/sybillemarvin.com\/index.php\/wp-json\/wp\/v2\/product_tag?post=701"}],"curies":[{"name":"wp","href":"https:\/\/api.w.org\/{rel}","templated":true}]}}