{"id":150,"date":"2024-06-16T11:56:48","date_gmt":"2024-06-16T09:56:48","guid":{"rendered":"https:\/\/sybillemarvin.com\/?post_type=product&#038;p=150"},"modified":"2024-07-23T18:30:21","modified_gmt":"2024-07-23T16:30:21","slug":"les-fidelites-cachees","status":"publish","type":"product","link":"https:\/\/sybillemarvin.com\/index.php\/produit\/les-fidelites-cachees\/","title":{"rendered":"Les Fid\u00e9lit\u00e9s Cach\u00e9es"},"content":{"rendered":"<p id=\"title\" class=\"a-spacing-none a-text-normal\"><strong><span id=\"productTitle\" class=\"a-size-extra-large celwidget\" data-csa-c-id=\"mx5bmj-3298ue-n53ror-468uy8\" data-cel-widget=\"productTitle\">Destins crois\u00e9s au coeur de la C\u00f4te d\u2019Azur<br \/>\n<\/span><\/strong><span class=\"a-text-bold\"><strong>*** PRIX LITTERATURE CAP DE LIRE 2024 ***<\/strong><\/span><\/p>\n<p>Sans amour, rien n&rsquo;est possible&#8230;<br \/>\nLa rencontre avec Clovis, jeune \u00e9crivain en panne d&rsquo;inspiration, anime chez Antoinette l&rsquo;envie folle de lui confier son histoire. Revisiter son pass\u00e9 r\u00e9veille le souvenir de son premier et grand amour, et le d\u00e9sir de revoir l&rsquo;homme qu&rsquo;elle n&rsquo;a jamais oubli\u00e9.<br \/>\nQue restera-t-il de cette passion apr\u00e8s tant d&rsquo;ann\u00e9es ?<\/p>\n<p>St\u00e9phane est contraint de quitter les Marquises. Il retrouve sa C\u00f4te d&rsquo;Azur natale, ravivant un \u00e9v\u00e8nement dramatiques li\u00e9 \u00e0 son histoire familiale douloureuse.<br \/>\nS&rsquo;autorisera-t-il \u00e0 poursuivre sa route sans le poids de la culpabilit\u00e9 ?<\/p>\n<p>F\u00e9e, adolescente solitaire en phobie scolaire, porte un secret. Un jour, elle ose s&rsquo;\u00e9loigner de son quotidien rassurant. La rencontre avec les habitu\u00e9s de la Parenth\u00e8se inattendue, au c\u0153ur du Vieil Antibes l&rsquo;aidera-t-elle \u00e0 vivre enfin au grand jour ?<\/p>\n<p><span class=\"a-text-bold a-text-italic\">Leurs destins se croiseront, confront\u00e9s \u00e0 l&rsquo;Amour dans toutes ses d\u00e9clinaisons :<br \/>\nl&rsquo;amour filial, l&rsquo;amour-souffrance, l&rsquo;amour-passion, l&rsquo;amour de soi.<\/span><\/p>\n","protected":false},"excerpt":{"rendered":"<p class=\"a-spacing-mini\">Antoinette et son amour d\u2019enfance Clovis, jeune \u00e9crivain en panne d&rsquo;inspiration, anime chez Antoinette l&rsquo;envie de lui confier son histoire. Ses 80 ans lui ont apport\u00e9 le recul n\u00e9cessaire pour revisiter son pass\u00e9. Le souvenir de Louis, son premier et grand amour, va g\u00e9n\u00e9rer le d\u00e9sir de le revoir, lui qu&rsquo;elle n&rsquo;a jamais oubli\u00e9. <span class=\"a-text-bold\">Remords et regrets, pass\u00e9 et pr\u00e9sent&#8230; <\/span><span class=\"a-text-bold\">Antoinette prendra ses propres d\u00e9cisions \u00e0 propos de sa vie, enfin.<\/span><\/p>\n<p>&nbsp;<\/p>\n<p class=\"a-spacing-mini\">St\u00e9phane ou le drame familial Contraint de quitter les Marquises qu&rsquo;il aime tant, St\u00e9phane retrouve sa C\u00f4te d&rsquo;Azur natale. Les souvenirs d&rsquo;un \u00e9v\u00e8nement dramatique li\u00e9 \u00e0 son histoire familiale douloureuse reviennent le hanter. <span class=\"a-text-bold\">Comment poursuivre sa route sans le poids de la culpabilit\u00e9 ?<\/span><\/p>\n<p class=\"a-spacing-mini\">La solitude de F\u00e9e. F\u00e9e, adolescente solitaire en phobie scolaire, porte un secret. Un jour, elle ose s&rsquo;\u00e9loigner de son quotidien rassurant et rencontrer les habitu\u00e9s de la Parenth\u00e8se inattendue, au c\u0153ur du Vieil Antibes. <span class=\"a-text-bold\">Sa d\u00e9marche l&rsquo;aidera-t-elle \u00e0 vivre enfin au grand jour ?<\/span><\/p>\n<p class=\"a-spacing-mini\"><span class=\"a-text-bold\">\u00a0<\/span><\/p>\n","protected":false},"featured_media":86,"comment_status":"closed","ping_status":"closed","template":"","meta":[],"product_brand":[],"product_cat":[23],"product_tag":[24],"class_list":{"0":"post-150","1":"product","2":"type-product","3":"status-publish","4":"has-post-thumbnail","6":"product_cat-romans-psychologiques","7":"product_tag-romans-psychologiques","9":"first","10":"instock","11":"taxable","12":"shipping-taxable","13":"purchasable","14":"product-type-simple"},"yoast_head":"<!-- This site is optimized with the Yoast SEO plugin v27.5 - https:\/\/yoast.com\/product\/yoast-seo-wordpress\/ -->\n<title>Les Fid\u00e9lit\u00e9s Cach\u00e9es - Sybille Marvin<\/title>\n<meta name=\"robots\" content=\"index, follow, max-snippet:-1, max-image-preview:large, max-video-preview:-1\" \/>\n<link rel=\"canonical\" href=\"https:\/\/sybillemarvin.com\/index.php\/produit\/les-fidelites-cachees\/\" \/>\n<meta property=\"og:locale\" content=\"fr_FR\" \/>\n<meta property=\"og:type\" content=\"article\" \/>\n<meta property=\"og:title\" content=\"Les Fid\u00e9lit\u00e9s Cach\u00e9es - Sybille Marvin\" \/>\n<meta property=\"og:description\" content=\"Antoinette et son amour d\u2019enfance Clovis, jeune \u00e9crivain en panne d&#039;inspiration, anime chez Antoinette l&#039;envie de lui confier son histoire. Ses 80 ans lui ont apport\u00e9 le recul n\u00e9cessaire pour revisiter son pass\u00e9. Le souvenir de Louis, son premier et grand amour, va g\u00e9n\u00e9rer le d\u00e9sir de le revoir, lui qu&#039;elle n&#039;a jamais oubli\u00e9. Remords et regrets, pass\u00e9 et pr\u00e9sent... Antoinette prendra ses propres d\u00e9cisions \u00e0 propos de sa vie, enfin. &nbsp; St\u00e9phane ou le drame familial Contraint de quitter les Marquises qu&#039;il aime tant, St\u00e9phane retrouve sa C\u00f4te d&#039;Azur natale. Les souvenirs d&#039;un \u00e9v\u00e8nement dramatique li\u00e9 \u00e0 son histoire familiale douloureuse reviennent le hanter. Comment poursuivre sa route sans le poids de la culpabilit\u00e9 ? La solitude de F\u00e9e. F\u00e9e, adolescente solitaire en phobie scolaire, porte un secret. Un jour, elle ose s&#039;\u00e9loigner de son quotidien rassurant et rencontrer les habitu\u00e9s de la Parenth\u00e8se inattendue, au c\u0153ur du Vieil Antibes. Sa d\u00e9marche l&#039;aidera-t-elle \u00e0 vivre enfin au grand jour ? \u00a0\" \/>\n<meta property=\"og:url\" content=\"https:\/\/sybillemarvin.com\/index.php\/produit\/les-fidelites-cachees\/\" \/>\n<meta property=\"og:site_name\" content=\"Sybille Marvin\" \/>\n<meta property=\"article:publisher\" content=\"https:\/\/www.facebook.com\/people\/Sybille-Marvin\/pfbid0RmhxE8VKfphhY3YttAS7QKAtqhbfSNSvVz1U761sS4WK4gnhRzLCUJa9GxmBU79ul\/\" \/>\n<meta property=\"article:modified_time\" content=\"2024-07-23T16:30:21+00:00\" \/>\n<meta property=\"og:image\" content=\"http:\/\/sybillemarvin.com\/wp-content\/uploads\/2024\/06\/les-fidelites-cachees.jpg\" \/>\n\t<meta property=\"og:image:width\" content=\"298\" \/>\n\t<meta property=\"og:image:height\" content=\"466\" \/>\n\t<meta property=\"og:image:type\" content=\"image\/jpeg\" \/>\n<meta name=\"twitter:card\" content=\"summary_large_image\" \/>\n<meta name=\"twitter:label1\" content=\"Dur\u00e9e de lecture estim\u00e9e\" \/>\n\t<meta name=\"twitter:data1\" content=\"2 minutes\" \/>\n<script type=\"application\/ld+json\" class=\"yoast-schema-graph\">{\"@context\":\"https:\\\/\\\/schema.org\",\"@graph\":[{\"@type\":\"WebPage\",\"@id\":\"https:\\\/\\\/sybillemarvin.com\\\/index.php\\\/produit\\\/les-fidelites-cachees\\\/\",\"url\":\"https:\\\/\\\/sybillemarvin.com\\\/index.php\\\/produit\\\/les-fidelites-cachees\\\/\",\"name\":\"Les Fid\u00e9lit\u00e9s Cach\u00e9es - Sybille Marvin\",\"isPartOf\":{\"@id\":\"https:\\\/\\\/sybillemarvin.com\\\/#website\"},\"primaryImageOfPage\":{\"@id\":\"https:\\\/\\\/sybillemarvin.com\\\/index.php\\\/produit\\\/les-fidelites-cachees\\\/#primaryimage\"},\"image\":{\"@id\":\"https:\\\/\\\/sybillemarvin.com\\\/index.php\\\/produit\\\/les-fidelites-cachees\\\/#primaryimage\"},\"thumbnailUrl\":\"https:\\\/\\\/sybillemarvin.com\\\/wp-content\\\/uploads\\\/2024\\\/06\\\/les-fidelites-cachees.jpg\",\"datePublished\":\"2024-06-16T09:56:48+00:00\",\"dateModified\":\"2024-07-23T16:30:21+00:00\",\"breadcrumb\":{\"@id\":\"https:\\\/\\\/sybillemarvin.com\\\/index.php\\\/produit\\\/les-fidelites-cachees\\\/#breadcrumb\"},\"inLanguage\":\"fr-FR\",\"potentialAction\":[{\"@type\":\"ReadAction\",\"target\":[\"https:\\\/\\\/sybillemarvin.com\\\/index.php\\\/produit\\\/les-fidelites-cachees\\\/\"]}]},{\"@type\":\"ImageObject\",\"inLanguage\":\"fr-FR\",\"@id\":\"https:\\\/\\\/sybillemarvin.com\\\/index.php\\\/produit\\\/les-fidelites-cachees\\\/#primaryimage\",\"url\":\"https:\\\/\\\/sybillemarvin.com\\\/wp-content\\\/uploads\\\/2024\\\/06\\\/les-fidelites-cachees.jpg\",\"contentUrl\":\"https:\\\/\\\/sybillemarvin.com\\\/wp-content\\\/uploads\\\/2024\\\/06\\\/les-fidelites-cachees.jpg\",\"width\":298,\"height\":466},{\"@type\":\"BreadcrumbList\",\"@id\":\"https:\\\/\\\/sybillemarvin.com\\\/index.php\\\/produit\\\/les-fidelites-cachees\\\/#breadcrumb\",\"itemListElement\":[{\"@type\":\"ListItem\",\"position\":1,\"name\":\"Accueil\",\"item\":\"https:\\\/\\\/sybillemarvin.com\\\/\"},{\"@type\":\"ListItem\",\"position\":2,\"name\":\"Boutique\",\"item\":\"https:\\\/\\\/sybillemarvin.com\\\/index.php\\\/boutique\\\/\"},{\"@type\":\"ListItem\",\"position\":3,\"name\":\"Les Fid\u00e9lit\u00e9s Cach\u00e9es\"}]},{\"@type\":\"WebSite\",\"@id\":\"https:\\\/\\\/sybillemarvin.com\\\/#website\",\"url\":\"https:\\\/\\\/sybillemarvin.com\\\/\",\"name\":\"Sybille Marvin\",\"description\":\"Autrice\",\"publisher\":{\"@id\":\"https:\\\/\\\/sybillemarvin.com\\\/#organization\"},\"potentialAction\":[{\"@type\":\"SearchAction\",\"target\":{\"@type\":\"EntryPoint\",\"urlTemplate\":\"https:\\\/\\\/sybillemarvin.com\\\/?s={search_term_string}\"},\"query-input\":{\"@type\":\"PropertyValueSpecification\",\"valueRequired\":true,\"valueName\":\"search_term_string\"}}],\"inLanguage\":\"fr-FR\"},{\"@type\":\"Organization\",\"@id\":\"https:\\\/\\\/sybillemarvin.com\\\/#organization\",\"name\":\"Sybille Marvin\",\"url\":\"https:\\\/\\\/sybillemarvin.com\\\/\",\"logo\":{\"@type\":\"ImageObject\",\"inLanguage\":\"fr-FR\",\"@id\":\"https:\\\/\\\/sybillemarvin.com\\\/#\\\/schema\\\/logo\\\/image\\\/\",\"url\":\"https:\\\/\\\/sybillemarvin.com\\\/wp-content\\\/uploads\\\/2024\\\/06\\\/DALL\u00b7E-2024-06-05-17.27.58-Create-a-logo-for-a-novelist-named-Sybille-Marvin.-The-design-should-be-elegant-and-literary-incorporating-elements-such-as-a-quill-pen-an-open-book.webp\",\"contentUrl\":\"https:\\\/\\\/sybillemarvin.com\\\/wp-content\\\/uploads\\\/2024\\\/06\\\/DALL\u00b7E-2024-06-05-17.27.58-Create-a-logo-for-a-novelist-named-Sybille-Marvin.-The-design-should-be-elegant-and-literary-incorporating-elements-such-as-a-quill-pen-an-open-book.webp\",\"width\":1024,\"height\":1024,\"caption\":\"Sybille Marvin\"},\"image\":{\"@id\":\"https:\\\/\\\/sybillemarvin.com\\\/#\\\/schema\\\/logo\\\/image\\\/\"},\"sameAs\":[\"https:\\\/\\\/www.facebook.com\\\/people\\\/Sybille-Marvin\\\/pfbid0RmhxE8VKfphhY3YttAS7QKAtqhbfSNSvVz1U761sS4WK4gnhRzLCUJa9GxmBU79ul\\\/\",\"https:\\\/\\\/www.instagram.com\\\/sybillemarvin\\\/\"]}]}<\/script>\n<!-- \/ Yoast SEO plugin. -->","yoast_head_json":{"title":"Les Fid\u00e9lit\u00e9s Cach\u00e9es - Sybille Marvin","robots":{"index":"index","follow":"follow","max-snippet":"max-snippet:-1","max-image-preview":"max-image-preview:large","max-video-preview":"max-video-preview:-1"},"canonical":"https:\/\/sybillemarvin.com\/index.php\/produit\/les-fidelites-cachees\/","og_locale":"fr_FR","og_type":"article","og_title":"Les Fid\u00e9lit\u00e9s Cach\u00e9es - Sybille Marvin","og_description":"Antoinette et son amour d\u2019enfance Clovis, jeune \u00e9crivain en panne d'inspiration, anime chez Antoinette l'envie de lui confier son histoire. Ses 80 ans lui ont apport\u00e9 le recul n\u00e9cessaire pour revisiter son pass\u00e9. Le souvenir de Louis, son premier et grand amour, va g\u00e9n\u00e9rer le d\u00e9sir de le revoir, lui qu'elle n'a jamais oubli\u00e9. Remords et regrets, pass\u00e9 et pr\u00e9sent... Antoinette prendra ses propres d\u00e9cisions \u00e0 propos de sa vie, enfin. &nbsp; St\u00e9phane ou le drame familial Contraint de quitter les Marquises qu'il aime tant, St\u00e9phane retrouve sa C\u00f4te d'Azur natale. Les souvenirs d'un \u00e9v\u00e8nement dramatique li\u00e9 \u00e0 son histoire familiale douloureuse reviennent le hanter. Comment poursuivre sa route sans le poids de la culpabilit\u00e9 ? La solitude de F\u00e9e. F\u00e9e, adolescente solitaire en phobie scolaire, porte un secret. Un jour, elle ose s'\u00e9loigner de son quotidien rassurant et rencontrer les habitu\u00e9s de la Parenth\u00e8se inattendue, au c\u0153ur du Vieil Antibes. Sa d\u00e9marche l'aidera-t-elle \u00e0 vivre enfin au grand jour ? \u00a0","og_url":"https:\/\/sybillemarvin.com\/index.php\/produit\/les-fidelites-cachees\/","og_site_name":"Sybille Marvin","article_publisher":"https:\/\/www.facebook.com\/people\/Sybille-Marvin\/pfbid0RmhxE8VKfphhY3YttAS7QKAtqhbfSNSvVz1U761sS4WK4gnhRzLCUJa9GxmBU79ul\/","article_modified_time":"2024-07-23T16:30:21+00:00","og_image":[{"width":298,"height":466,"url":"http:\/\/sybillemarvin.com\/wp-content\/uploads\/2024\/06\/les-fidelites-cachees.jpg","type":"image\/jpeg"}],"twitter_card":"summary_large_image","twitter_misc":{"Dur\u00e9e de lecture estim\u00e9e":"2 minutes"},"schema":{"@context":"https:\/\/schema.org","@graph":[{"@type":"WebPage","@id":"https:\/\/sybillemarvin.com\/index.php\/produit\/les-fidelites-cachees\/","url":"https:\/\/sybillemarvin.com\/index.php\/produit\/les-fidelites-cachees\/","name":"Les Fid\u00e9lit\u00e9s Cach\u00e9es - Sybille Marvin","isPartOf":{"@id":"https:\/\/sybillemarvin.com\/#website"},"primaryImageOfPage":{"@id":"https:\/\/sybillemarvin.com\/index.php\/produit\/les-fidelites-cachees\/#primaryimage"},"image":{"@id":"https:\/\/sybillemarvin.com\/index.php\/produit\/les-fidelites-cachees\/#primaryimage"},"thumbnailUrl":"https:\/\/sybillemarvin.com\/wp-content\/uploads\/2024\/06\/les-fidelites-cachees.jpg","datePublished":"2024-06-16T09:56:48+00:00","dateModified":"2024-07-23T16:30:21+00:00","breadcrumb":{"@id":"https:\/\/sybillemarvin.com\/index.php\/produit\/les-fidelites-cachees\/#breadcrumb"},"inLanguage":"fr-FR","potentialAction":[{"@type":"ReadAction","target":["https:\/\/sybillemarvin.com\/index.php\/produit\/les-fidelites-cachees\/"]}]},{"@type":"ImageObject","inLanguage":"fr-FR","@id":"https:\/\/sybillemarvin.com\/index.php\/produit\/les-fidelites-cachees\/#primaryimage","url":"https:\/\/sybillemarvin.com\/wp-content\/uploads\/2024\/06\/les-fidelites-cachees.jpg","contentUrl":"https:\/\/sybillemarvin.com\/wp-content\/uploads\/2024\/06\/les-fidelites-cachees.jpg","width":298,"height":466},{"@type":"BreadcrumbList","@id":"https:\/\/sybillemarvin.com\/index.php\/produit\/les-fidelites-cachees\/#breadcrumb","itemListElement":[{"@type":"ListItem","position":1,"name":"Accueil","item":"https:\/\/sybillemarvin.com\/"},{"@type":"ListItem","position":2,"name":"Boutique","item":"https:\/\/sybillemarvin.com\/index.php\/boutique\/"},{"@type":"ListItem","position":3,"name":"Les Fid\u00e9lit\u00e9s Cach\u00e9es"}]},{"@type":"WebSite","@id":"https:\/\/sybillemarvin.com\/#website","url":"https:\/\/sybillemarvin.com\/","name":"Sybille Marvin","description":"Autrice","publisher":{"@id":"https:\/\/sybillemarvin.com\/#organization"},"potentialAction":[{"@type":"SearchAction","target":{"@type":"EntryPoint","urlTemplate":"https:\/\/sybillemarvin.com\/?s={search_term_string}"},"query-input":{"@type":"PropertyValueSpecification","valueRequired":true,"valueName":"search_term_string"}}],"inLanguage":"fr-FR"},{"@type":"Organization","@id":"https:\/\/sybillemarvin.com\/#organization","name":"Sybille Marvin","url":"https:\/\/sybillemarvin.com\/","logo":{"@type":"ImageObject","inLanguage":"fr-FR","@id":"https:\/\/sybillemarvin.com\/#\/schema\/logo\/image\/","url":"https:\/\/sybillemarvin.com\/wp-content\/uploads\/2024\/06\/DALL\u00b7E-2024-06-05-17.27.58-Create-a-logo-for-a-novelist-named-Sybille-Marvin.-The-design-should-be-elegant-and-literary-incorporating-elements-such-as-a-quill-pen-an-open-book.webp","contentUrl":"https:\/\/sybillemarvin.com\/wp-content\/uploads\/2024\/06\/DALL\u00b7E-2024-06-05-17.27.58-Create-a-logo-for-a-novelist-named-Sybille-Marvin.-The-design-should-be-elegant-and-literary-incorporating-elements-such-as-a-quill-pen-an-open-book.webp","width":1024,"height":1024,"caption":"Sybille Marvin"},"image":{"@id":"https:\/\/sybillemarvin.com\/#\/schema\/logo\/image\/"},"sameAs":["https:\/\/www.facebook.com\/people\/Sybille-Marvin\/pfbid0RmhxE8VKfphhY3YttAS7QKAtqhbfSNSvVz1U761sS4WK4gnhRzLCUJa9GxmBU79ul\/","https:\/\/www.instagram.com\/sybillemarvin\/"]}]}},"jetpack_sharing_enabled":true,"_links":{"self":[{"href":"https:\/\/sybillemarvin.com\/index.php\/wp-json\/wp\/v2\/product\/150","targetHints":{"allow":["GET"]}}],"collection":[{"href":"https:\/\/sybillemarvin.com\/index.php\/wp-json\/wp\/v2\/product"}],"about":[{"href":"https:\/\/sybillemarvin.com\/index.php\/wp-json\/wp\/v2\/types\/product"}],"replies":[{"embeddable":true,"href":"https:\/\/sybillemarvin.com\/index.php\/wp-json\/wp\/v2\/comments?post=150"}],"wp:featuredmedia":[{"embeddable":true,"href":"https:\/\/sybillemarvin.com\/index.php\/wp-json\/wp\/v2\/media\/86"}],"wp:attachment":[{"href":"https:\/\/sybillemarvin.com\/index.php\/wp-json\/wp\/v2\/media?parent=150"}],"wp:term":[{"taxonomy":"product_brand","embeddable":true,"href":"https:\/\/sybillemarvin.com\/index.php\/wp-json\/wp\/v2\/product_brand?post=150"},{"taxonomy":"product_cat","embeddable":true,"href":"https:\/\/sybillemarvin.com\/index.php\/wp-json\/wp\/v2\/product_cat?post=150"},{"taxonomy":"product_tag","embeddable":true,"href":"https:\/\/sybillemarvin.com\/index.php\/wp-json\/wp\/v2\/product_tag?post=150"}],"curies":[{"name":"wp","href":"https:\/\/api.w.org\/{rel}","templated":true}]}}