{"id":149,"date":"2024-06-16T11:56:19","date_gmt":"2024-06-16T09:56:19","guid":{"rendered":"https:\/\/sybillemarvin.com\/?post_type=product&#038;p=149"},"modified":"2024-06-16T11:56:19","modified_gmt":"2024-06-16T09:56:19","slug":"les-forces-contraires","status":"publish","type":"product","link":"https:\/\/sybillemarvin.com\/index.php\/produit\/les-forces-contraires\/","title":{"rendered":"Les Forces Contraires"},"content":{"rendered":"<p><span class=\"a-text-bold\">COMMENT LES ACTES DU PASSE PEUVENT ILS INFLUENCER LE PRESENT ?<br \/>\nAu c\u0153ur d\u2019une C\u00f4te d\u2019Azur intime, l\u2019histoire bouleversante de trois personnalit\u00e9s caboss\u00e9es par la vie, li\u00e9es par un secret.<\/span><br \/>\n<span class=\"a-text-bold\">Lisa<\/span>, jeune artiste en devenir, se questionne sur ses envies profondes,<br \/>\n<span class=\"a-text-bold\">Camille <\/span>est charg\u00e9e d\u2019un pass\u00e9 sombre, dont l\u2019identit\u00e9 fugitive ne se nourrit que de la peur,<br \/>\n<span class=\"a-text-bold\">Henri<\/span>, sculpteur c\u00e9l\u00e8bre, misanthrope d\u00e9sabus\u00e9, apprend sa mort prochaine.<\/p>\n<p>3 destins<br \/>\n3 voix<br \/>\n3 vies<\/p>\n<p><span class=\"a-text-bold a-text-italic\">Si vous aimez les relations humaines, la peinture et la sculpture, la musique qui rythme le r\u00e9cit chapitre apr\u00e8s chapitre, les personnages attachants qui vous entra\u00eenent dans le tourbillon de leurs vies\u2026<\/span><\/p>\n","protected":false},"excerpt":{"rendered":"<p class=\"a-spacing-mini\"><strong>Dans le monde de la peinture et de la sculpture<\/strong><br \/>\nH\u00e9ritage artistique, Passion de l\u2019art, Artistes affirm\u00e9s ou en devenir\u2026 L\u2019art est au coeur de ce roman.<\/p>\n<p class=\"a-spacing-mini\"><strong>3 personnalit\u00e9s si diff\u00e9rentes\u2026<\/strong><br \/>\nLa passion de\u00a0<span class=\"a-text-bold\">Lisa<\/span> pour la peinture et son r\u00eave de cr\u00e9er un lieu atypique pour les artistes la porteront au-del\u00e0 de ses esp\u00e9rances. Teint\u00e9e par la peur de la relation,\u00a0<span class=\"a-text-bold\">Camille<\/span> sera rattrap\u00e9e malgr\u00e9 elle par son pass\u00e9.\u00a0<span class=\"a-text-bold\">Henri,\u00a0<\/span>proche de la fin de sa vie, red\u00e9couvrira le charme des relations humaines dans une qu\u00eate de r\u00e9demption n\u00e9cessaire. Impact\u00e9s par la transmission de leur anc\u00eatres, Marqu\u00e9s par l\u2018enfance qui laisse son empreinte ind\u00e9l\u00e9bile et influencera leur destin, Port\u00e9s par leurs r\u00eaves, leurs regrets, leurs peurs, leurs espoirs\u2026 <span class=\"a-text-italic\"><span class=\"a-text-bold\">leurs destins se croiseront, irr\u00e9m\u00e9diablement<\/span><\/span><\/p>\n<p class=\"a-spacing-mini\"><strong>Au coeur de la C\u00f4te d\u2019Azur<\/strong><br \/>\nDe l\u2019authenticit\u00e9 du Vieil Antibes au charme de Saint Paul de Vence, en passant par les c\u00e9l\u00e8bres Cannes et Nice, <span class=\"a-text-bold\"><span class=\"a-text-italic\">une immersion au coeur d\u2019une C\u00f4te d\u2019Azur intime <\/span><\/span>rythm\u00e9e par une playlist dont chaque titre illustre un chapitre.<\/p>\n","protected":false},"featured_media":88,"comment_status":"closed","ping_status":"closed","template":"","meta":[],"product_brand":[],"product_cat":[23],"product_tag":[24],"class_list":{"0":"post-149","1":"product","2":"type-product","3":"status-publish","4":"has-post-thumbnail","6":"product_cat-romans-psychologiques","7":"product_tag-romans-psychologiques","9":"first","10":"instock","11":"taxable","12":"shipping-taxable","13":"purchasable","14":"product-type-simple"},"yoast_head":"<!-- This site is optimized with the Yoast SEO plugin v27.5 - https:\/\/yoast.com\/product\/yoast-seo-wordpress\/ -->\n<title>Les Forces Contraires - Sybille Marvin<\/title>\n<meta name=\"robots\" content=\"index, follow, max-snippet:-1, max-image-preview:large, max-video-preview:-1\" \/>\n<link rel=\"canonical\" href=\"https:\/\/sybillemarvin.com\/index.php\/produit\/les-forces-contraires\/\" \/>\n<meta property=\"og:locale\" content=\"fr_FR\" \/>\n<meta property=\"og:type\" content=\"article\" \/>\n<meta property=\"og:title\" content=\"Les Forces Contraires - Sybille Marvin\" \/>\n<meta property=\"og:description\" content=\"Dans le monde de la peinture et de la sculpture H\u00e9ritage artistique, Passion de l\u2019art, Artistes affirm\u00e9s ou en devenir\u2026 L\u2019art est au coeur de ce roman. 3 personnalit\u00e9s si diff\u00e9rentes\u2026 La passion de\u00a0Lisa pour la peinture et son r\u00eave de cr\u00e9er un lieu atypique pour les artistes la porteront au-del\u00e0 de ses esp\u00e9rances. Teint\u00e9e par la peur de la relation,\u00a0Camille sera rattrap\u00e9e malgr\u00e9 elle par son pass\u00e9.\u00a0Henri,\u00a0proche de la fin de sa vie, red\u00e9couvrira le charme des relations humaines dans une qu\u00eate de r\u00e9demption n\u00e9cessaire. Impact\u00e9s par la transmission de leur anc\u00eatres, Marqu\u00e9s par l\u2018enfance qui laisse son empreinte ind\u00e9l\u00e9bile et influencera leur destin, Port\u00e9s par leurs r\u00eaves, leurs regrets, leurs peurs, leurs espoirs\u2026 leurs destins se croiseront, irr\u00e9m\u00e9diablement Au coeur de la C\u00f4te d\u2019Azur De l\u2019authenticit\u00e9 du Vieil Antibes au charme de Saint Paul de Vence, en passant par les c\u00e9l\u00e8bres Cannes et Nice, une immersion au coeur d\u2019une C\u00f4te d\u2019Azur intime rythm\u00e9e par une playlist dont chaque titre illustre un chapitre.\" \/>\n<meta property=\"og:url\" content=\"https:\/\/sybillemarvin.com\/index.php\/produit\/les-forces-contraires\/\" \/>\n<meta property=\"og:site_name\" content=\"Sybille Marvin\" \/>\n<meta property=\"article:publisher\" content=\"https:\/\/www.facebook.com\/people\/Sybille-Marvin\/pfbid0RmhxE8VKfphhY3YttAS7QKAtqhbfSNSvVz1U761sS4WK4gnhRzLCUJa9GxmBU79ul\/\" \/>\n<meta property=\"og:image\" content=\"https:\/\/sybillemarvin.com\/wp-content\/uploads\/2024\/06\/les-forces-contraires.jpg\" \/>\n\t<meta property=\"og:image:width\" content=\"296\" \/>\n\t<meta property=\"og:image:height\" content=\"466\" \/>\n\t<meta property=\"og:image:type\" content=\"image\/jpeg\" \/>\n<meta name=\"twitter:card\" content=\"summary_large_image\" \/>\n<meta name=\"twitter:label1\" content=\"Dur\u00e9e de lecture estim\u00e9e\" \/>\n\t<meta name=\"twitter:data1\" content=\"1 minute\" \/>\n<script type=\"application\/ld+json\" class=\"yoast-schema-graph\">{\"@context\":\"https:\\\/\\\/schema.org\",\"@graph\":[{\"@type\":\"WebPage\",\"@id\":\"https:\\\/\\\/sybillemarvin.com\\\/index.php\\\/produit\\\/les-forces-contraires\\\/\",\"url\":\"https:\\\/\\\/sybillemarvin.com\\\/index.php\\\/produit\\\/les-forces-contraires\\\/\",\"name\":\"Les Forces Contraires - Sybille Marvin\",\"isPartOf\":{\"@id\":\"https:\\\/\\\/sybillemarvin.com\\\/#website\"},\"primaryImageOfPage\":{\"@id\":\"https:\\\/\\\/sybillemarvin.com\\\/index.php\\\/produit\\\/les-forces-contraires\\\/#primaryimage\"},\"image\":{\"@id\":\"https:\\\/\\\/sybillemarvin.com\\\/index.php\\\/produit\\\/les-forces-contraires\\\/#primaryimage\"},\"thumbnailUrl\":\"https:\\\/\\\/sybillemarvin.com\\\/wp-content\\\/uploads\\\/2024\\\/06\\\/les-forces-contraires.jpg\",\"datePublished\":\"2024-06-16T09:56:19+00:00\",\"breadcrumb\":{\"@id\":\"https:\\\/\\\/sybillemarvin.com\\\/index.php\\\/produit\\\/les-forces-contraires\\\/#breadcrumb\"},\"inLanguage\":\"fr-FR\",\"potentialAction\":[{\"@type\":\"ReadAction\",\"target\":[\"https:\\\/\\\/sybillemarvin.com\\\/index.php\\\/produit\\\/les-forces-contraires\\\/\"]}]},{\"@type\":\"ImageObject\",\"inLanguage\":\"fr-FR\",\"@id\":\"https:\\\/\\\/sybillemarvin.com\\\/index.php\\\/produit\\\/les-forces-contraires\\\/#primaryimage\",\"url\":\"https:\\\/\\\/sybillemarvin.com\\\/wp-content\\\/uploads\\\/2024\\\/06\\\/les-forces-contraires.jpg\",\"contentUrl\":\"https:\\\/\\\/sybillemarvin.com\\\/wp-content\\\/uploads\\\/2024\\\/06\\\/les-forces-contraires.jpg\",\"width\":296,\"height\":466},{\"@type\":\"BreadcrumbList\",\"@id\":\"https:\\\/\\\/sybillemarvin.com\\\/index.php\\\/produit\\\/les-forces-contraires\\\/#breadcrumb\",\"itemListElement\":[{\"@type\":\"ListItem\",\"position\":1,\"name\":\"Accueil\",\"item\":\"https:\\\/\\\/sybillemarvin.com\\\/\"},{\"@type\":\"ListItem\",\"position\":2,\"name\":\"Boutique\",\"item\":\"https:\\\/\\\/sybillemarvin.com\\\/index.php\\\/boutique\\\/\"},{\"@type\":\"ListItem\",\"position\":3,\"name\":\"Les Forces Contraires\"}]},{\"@type\":\"WebSite\",\"@id\":\"https:\\\/\\\/sybillemarvin.com\\\/#website\",\"url\":\"https:\\\/\\\/sybillemarvin.com\\\/\",\"name\":\"Sybille Marvin\",\"description\":\"Autrice\",\"publisher\":{\"@id\":\"https:\\\/\\\/sybillemarvin.com\\\/#organization\"},\"potentialAction\":[{\"@type\":\"SearchAction\",\"target\":{\"@type\":\"EntryPoint\",\"urlTemplate\":\"https:\\\/\\\/sybillemarvin.com\\\/?s={search_term_string}\"},\"query-input\":{\"@type\":\"PropertyValueSpecification\",\"valueRequired\":true,\"valueName\":\"search_term_string\"}}],\"inLanguage\":\"fr-FR\"},{\"@type\":\"Organization\",\"@id\":\"https:\\\/\\\/sybillemarvin.com\\\/#organization\",\"name\":\"Sybille Marvin\",\"url\":\"https:\\\/\\\/sybillemarvin.com\\\/\",\"logo\":{\"@type\":\"ImageObject\",\"inLanguage\":\"fr-FR\",\"@id\":\"https:\\\/\\\/sybillemarvin.com\\\/#\\\/schema\\\/logo\\\/image\\\/\",\"url\":\"https:\\\/\\\/sybillemarvin.com\\\/wp-content\\\/uploads\\\/2024\\\/06\\\/DALL\u00b7E-2024-06-05-17.27.58-Create-a-logo-for-a-novelist-named-Sybille-Marvin.-The-design-should-be-elegant-and-literary-incorporating-elements-such-as-a-quill-pen-an-open-book.webp\",\"contentUrl\":\"https:\\\/\\\/sybillemarvin.com\\\/wp-content\\\/uploads\\\/2024\\\/06\\\/DALL\u00b7E-2024-06-05-17.27.58-Create-a-logo-for-a-novelist-named-Sybille-Marvin.-The-design-should-be-elegant-and-literary-incorporating-elements-such-as-a-quill-pen-an-open-book.webp\",\"width\":1024,\"height\":1024,\"caption\":\"Sybille Marvin\"},\"image\":{\"@id\":\"https:\\\/\\\/sybillemarvin.com\\\/#\\\/schema\\\/logo\\\/image\\\/\"},\"sameAs\":[\"https:\\\/\\\/www.facebook.com\\\/people\\\/Sybille-Marvin\\\/pfbid0RmhxE8VKfphhY3YttAS7QKAtqhbfSNSvVz1U761sS4WK4gnhRzLCUJa9GxmBU79ul\\\/\",\"https:\\\/\\\/www.instagram.com\\\/sybillemarvin\\\/\"]}]}<\/script>\n<!-- \/ Yoast SEO plugin. -->","yoast_head_json":{"title":"Les Forces Contraires - Sybille Marvin","robots":{"index":"index","follow":"follow","max-snippet":"max-snippet:-1","max-image-preview":"max-image-preview:large","max-video-preview":"max-video-preview:-1"},"canonical":"https:\/\/sybillemarvin.com\/index.php\/produit\/les-forces-contraires\/","og_locale":"fr_FR","og_type":"article","og_title":"Les Forces Contraires - Sybille Marvin","og_description":"Dans le monde de la peinture et de la sculpture H\u00e9ritage artistique, Passion de l\u2019art, Artistes affirm\u00e9s ou en devenir\u2026 L\u2019art est au coeur de ce roman. 3 personnalit\u00e9s si diff\u00e9rentes\u2026 La passion de\u00a0Lisa pour la peinture et son r\u00eave de cr\u00e9er un lieu atypique pour les artistes la porteront au-del\u00e0 de ses esp\u00e9rances. Teint\u00e9e par la peur de la relation,\u00a0Camille sera rattrap\u00e9e malgr\u00e9 elle par son pass\u00e9.\u00a0Henri,\u00a0proche de la fin de sa vie, red\u00e9couvrira le charme des relations humaines dans une qu\u00eate de r\u00e9demption n\u00e9cessaire. Impact\u00e9s par la transmission de leur anc\u00eatres, Marqu\u00e9s par l\u2018enfance qui laisse son empreinte ind\u00e9l\u00e9bile et influencera leur destin, Port\u00e9s par leurs r\u00eaves, leurs regrets, leurs peurs, leurs espoirs\u2026 leurs destins se croiseront, irr\u00e9m\u00e9diablement Au coeur de la C\u00f4te d\u2019Azur De l\u2019authenticit\u00e9 du Vieil Antibes au charme de Saint Paul de Vence, en passant par les c\u00e9l\u00e8bres Cannes et Nice, une immersion au coeur d\u2019une C\u00f4te d\u2019Azur intime rythm\u00e9e par une playlist dont chaque titre illustre un chapitre.","og_url":"https:\/\/sybillemarvin.com\/index.php\/produit\/les-forces-contraires\/","og_site_name":"Sybille Marvin","article_publisher":"https:\/\/www.facebook.com\/people\/Sybille-Marvin\/pfbid0RmhxE8VKfphhY3YttAS7QKAtqhbfSNSvVz1U761sS4WK4gnhRzLCUJa9GxmBU79ul\/","og_image":[{"width":296,"height":466,"url":"https:\/\/sybillemarvin.com\/wp-content\/uploads\/2024\/06\/les-forces-contraires.jpg","type":"image\/jpeg"}],"twitter_card":"summary_large_image","twitter_misc":{"Dur\u00e9e de lecture estim\u00e9e":"1 minute"},"schema":{"@context":"https:\/\/schema.org","@graph":[{"@type":"WebPage","@id":"https:\/\/sybillemarvin.com\/index.php\/produit\/les-forces-contraires\/","url":"https:\/\/sybillemarvin.com\/index.php\/produit\/les-forces-contraires\/","name":"Les Forces Contraires - Sybille Marvin","isPartOf":{"@id":"https:\/\/sybillemarvin.com\/#website"},"primaryImageOfPage":{"@id":"https:\/\/sybillemarvin.com\/index.php\/produit\/les-forces-contraires\/#primaryimage"},"image":{"@id":"https:\/\/sybillemarvin.com\/index.php\/produit\/les-forces-contraires\/#primaryimage"},"thumbnailUrl":"https:\/\/sybillemarvin.com\/wp-content\/uploads\/2024\/06\/les-forces-contraires.jpg","datePublished":"2024-06-16T09:56:19+00:00","breadcrumb":{"@id":"https:\/\/sybillemarvin.com\/index.php\/produit\/les-forces-contraires\/#breadcrumb"},"inLanguage":"fr-FR","potentialAction":[{"@type":"ReadAction","target":["https:\/\/sybillemarvin.com\/index.php\/produit\/les-forces-contraires\/"]}]},{"@type":"ImageObject","inLanguage":"fr-FR","@id":"https:\/\/sybillemarvin.com\/index.php\/produit\/les-forces-contraires\/#primaryimage","url":"https:\/\/sybillemarvin.com\/wp-content\/uploads\/2024\/06\/les-forces-contraires.jpg","contentUrl":"https:\/\/sybillemarvin.com\/wp-content\/uploads\/2024\/06\/les-forces-contraires.jpg","width":296,"height":466},{"@type":"BreadcrumbList","@id":"https:\/\/sybillemarvin.com\/index.php\/produit\/les-forces-contraires\/#breadcrumb","itemListElement":[{"@type":"ListItem","position":1,"name":"Accueil","item":"https:\/\/sybillemarvin.com\/"},{"@type":"ListItem","position":2,"name":"Boutique","item":"https:\/\/sybillemarvin.com\/index.php\/boutique\/"},{"@type":"ListItem","position":3,"name":"Les Forces Contraires"}]},{"@type":"WebSite","@id":"https:\/\/sybillemarvin.com\/#website","url":"https:\/\/sybillemarvin.com\/","name":"Sybille Marvin","description":"Autrice","publisher":{"@id":"https:\/\/sybillemarvin.com\/#organization"},"potentialAction":[{"@type":"SearchAction","target":{"@type":"EntryPoint","urlTemplate":"https:\/\/sybillemarvin.com\/?s={search_term_string}"},"query-input":{"@type":"PropertyValueSpecification","valueRequired":true,"valueName":"search_term_string"}}],"inLanguage":"fr-FR"},{"@type":"Organization","@id":"https:\/\/sybillemarvin.com\/#organization","name":"Sybille Marvin","url":"https:\/\/sybillemarvin.com\/","logo":{"@type":"ImageObject","inLanguage":"fr-FR","@id":"https:\/\/sybillemarvin.com\/#\/schema\/logo\/image\/","url":"https:\/\/sybillemarvin.com\/wp-content\/uploads\/2024\/06\/DALL\u00b7E-2024-06-05-17.27.58-Create-a-logo-for-a-novelist-named-Sybille-Marvin.-The-design-should-be-elegant-and-literary-incorporating-elements-such-as-a-quill-pen-an-open-book.webp","contentUrl":"https:\/\/sybillemarvin.com\/wp-content\/uploads\/2024\/06\/DALL\u00b7E-2024-06-05-17.27.58-Create-a-logo-for-a-novelist-named-Sybille-Marvin.-The-design-should-be-elegant-and-literary-incorporating-elements-such-as-a-quill-pen-an-open-book.webp","width":1024,"height":1024,"caption":"Sybille Marvin"},"image":{"@id":"https:\/\/sybillemarvin.com\/#\/schema\/logo\/image\/"},"sameAs":["https:\/\/www.facebook.com\/people\/Sybille-Marvin\/pfbid0RmhxE8VKfphhY3YttAS7QKAtqhbfSNSvVz1U761sS4WK4gnhRzLCUJa9GxmBU79ul\/","https:\/\/www.instagram.com\/sybillemarvin\/"]}]}},"jetpack_sharing_enabled":true,"_links":{"self":[{"href":"https:\/\/sybillemarvin.com\/index.php\/wp-json\/wp\/v2\/product\/149","targetHints":{"allow":["GET"]}}],"collection":[{"href":"https:\/\/sybillemarvin.com\/index.php\/wp-json\/wp\/v2\/product"}],"about":[{"href":"https:\/\/sybillemarvin.com\/index.php\/wp-json\/wp\/v2\/types\/product"}],"replies":[{"embeddable":true,"href":"https:\/\/sybillemarvin.com\/index.php\/wp-json\/wp\/v2\/comments?post=149"}],"wp:featuredmedia":[{"embeddable":true,"href":"https:\/\/sybillemarvin.com\/index.php\/wp-json\/wp\/v2\/media\/88"}],"wp:attachment":[{"href":"https:\/\/sybillemarvin.com\/index.php\/wp-json\/wp\/v2\/media?parent=149"}],"wp:term":[{"taxonomy":"product_brand","embeddable":true,"href":"https:\/\/sybillemarvin.com\/index.php\/wp-json\/wp\/v2\/product_brand?post=149"},{"taxonomy":"product_cat","embeddable":true,"href":"https:\/\/sybillemarvin.com\/index.php\/wp-json\/wp\/v2\/product_cat?post=149"},{"taxonomy":"product_tag","embeddable":true,"href":"https:\/\/sybillemarvin.com\/index.php\/wp-json\/wp\/v2\/product_tag?post=149"}],"curies":[{"name":"wp","href":"https:\/\/api.w.org\/{rel}","templated":true}]}}