{"id":397,"date":"2024-07-17T21:53:19","date_gmt":"2024-07-17T19:53:19","guid":{"rendered":"https:\/\/sybillemarvin.com\/?page_id=397"},"modified":"2025-03-20T08:40:33","modified_gmt":"2025-03-20T07:40:33","slug":"contact-sybille-marvin-autrice","status":"publish","type":"page","link":"https:\/\/sybillemarvin.com\/index.php\/contact-sybille-marvin-autrice\/","title":{"rendered":"Contact"},"content":{"rendered":"\t\t<div data-elementor-type=\"wp-page\" data-elementor-id=\"397\" class=\"elementor elementor-397\" data-elementor-post-type=\"page\">\n\t\t\t\t<div class=\"elementor-element elementor-element-5e8a2ac8 e-con-full e-flex e-con e-parent\" data-id=\"5e8a2ac8\" data-element_type=\"container\" data-e-type=\"container\" data-settings=\"{&quot;background_background&quot;:&quot;classic&quot;}\">\n\t\t\t\t<div class=\"elementor-element elementor-element-a94041b elementor-widget elementor-widget-heading\" data-id=\"a94041b\" data-element_type=\"widget\" data-e-type=\"widget\" data-widget_type=\"heading.default\">\n\t\t\t\t<div class=\"elementor-widget-container\">\n\t\t\t\t\t<h6 class=\"elementor-heading-title elementor-size-default\"><a href=\"https:\/\/sybillemarvin.com\/\">SYBILLE<br><b>MARVIN<\/b><br>autrice<\/a><\/h6>\t\t\t\t<\/div>\n\t\t\t\t<\/div>\n\t\t\t\t<div class=\"elementor-element elementor-element-405b37b9 elementor-nav-menu--dropdown-none elementor-nav-menu__align-center elementor-widget elementor-widget-nav-menu\" data-id=\"405b37b9\" data-element_type=\"widget\" data-e-type=\"widget\" data-settings=\"{&quot;layout&quot;:&quot;horizontal&quot;,&quot;submenu_icon&quot;:{&quot;value&quot;:&quot;&lt;svg aria-hidden=\\&quot;true\\&quot; class=\\&quot;e-font-icon-svg e-fas-caret-down\\&quot; viewBox=\\&quot;0 0 320 512\\&quot; xmlns=\\&quot;http:\\\/\\\/www.w3.org\\\/2000\\\/svg\\&quot;&gt;&lt;path d=\\&quot;M31.3 192h257.3c17.8 0 26.7 21.5 14.1 34.1L174.1 354.8c-7.8 7.8-20.5 7.8-28.3 0L17.2 226.1C4.6 213.5 13.5 192 31.3 192z\\&quot;&gt;&lt;\\\/path&gt;&lt;\\\/svg&gt;&quot;,&quot;library&quot;:&quot;fa-solid&quot;}}\" data-widget_type=\"nav-menu.default\">\n\t\t\t\t<div class=\"elementor-widget-container\">\n\t\t\t\t\t\t\t\t<nav aria-label=\"Menu\" class=\"elementor-nav-menu--main elementor-nav-menu__container elementor-nav-menu--layout-horizontal e--pointer-underline e--animation-fade\">\n\t\t\t\t<ul id=\"menu-1-405b37b9\" class=\"elementor-nav-menu\"><li class=\"menu-item menu-item-type-custom menu-item-object-custom menu-item-has-children menu-item-346\"><a href=\"https:\/\/sybillemarvin.com\/index.php\/livres-sybille-marvin-ecommerce\/\" class=\"elementor-item\">Mes Livres<\/a>\n<ul class=\"sub-menu elementor-nav-menu--dropdown\">\n\t<li class=\"menu-item menu-item-type-custom menu-item-object-custom menu-item-463\"><a href=\"https:\/\/sybillemarvin.com\/index.php\/livres-sybille-marvin-ecommerce\/#psy\" class=\"elementor-sub-item elementor-item-anchor\">Univers Adulte Romans Psychologiques<\/a><\/li>\n\t<li class=\"menu-item menu-item-type-custom menu-item-object-custom menu-item-675\"><a href=\"https:\/\/sybillemarvin.com\/index.php\/livres-sybille-marvin-ecommerce\/#feelgood\" class=\"elementor-sub-item elementor-item-anchor\">Univers Adulte Feel Good<\/a><\/li>\n\t<li class=\"menu-item menu-item-type-custom menu-item-object-custom menu-item-462\"><a href=\"https:\/\/sybillemarvin.com\/index.php\/livres-sybille-marvin-ecommerce\/#albumpsycho\" class=\"elementor-sub-item elementor-item-anchor\">Univers Enfant<\/a><\/li>\n<\/ul>\n<\/li>\n<li class=\"menu-item menu-item-type-custom menu-item-object-custom menu-item-home menu-item-749\"><a href=\"https:\/\/sybillemarvin.com\/#actualites\" class=\"elementor-item elementor-item-anchor\">Rencontres &#038; D\u00e9dicaces<\/a><\/li>\n<li class=\"menu-item menu-item-type-custom menu-item-object-custom menu-item-363\"><a href=\"https:\/\/sybillemarvin.com\/index.php\/actualites-blog-sybille-marvin\/\" class=\"elementor-item\">Actualit\u00e9s &#038; Presse<\/a><\/li>\n<li class=\"menu-item menu-item-type-post_type menu-item-object-page menu-item-482\"><a href=\"https:\/\/sybillemarvin.com\/index.php\/nouvelles-en-ligne-sybille-marvin\/\" class=\"elementor-item\">Nouvelles \u00e0 lire en ligne<\/a><\/li>\n<li class=\"menu-item menu-item-type-post_type menu-item-object-page menu-item-423\"><a href=\"https:\/\/sybillemarvin.com\/index.php\/a-propos-sybille-marvin\/\" class=\"elementor-item\">A propos de Sybille Marvin<\/a><\/li>\n<li class=\"menu-item menu-item-type-post_type menu-item-object-page menu-item-406\"><a href=\"https:\/\/sybillemarvin.com\/index.php\/contact-sybille-marvin-autrice\/\" class=\"elementor-item\">Contact<\/a><\/li>\n<\/ul>\t\t\t<\/nav>\n\t\t\t\t\t\t<nav class=\"elementor-nav-menu--dropdown elementor-nav-menu__container\" aria-hidden=\"true\">\n\t\t\t\t<ul id=\"menu-2-405b37b9\" class=\"elementor-nav-menu\"><li class=\"menu-item menu-item-type-custom menu-item-object-custom menu-item-has-children menu-item-346\"><a href=\"https:\/\/sybillemarvin.com\/index.php\/livres-sybille-marvin-ecommerce\/\" class=\"elementor-item\" tabindex=\"-1\">Mes Livres<\/a>\n<ul class=\"sub-menu elementor-nav-menu--dropdown\">\n\t<li class=\"menu-item menu-item-type-custom menu-item-object-custom menu-item-463\"><a href=\"https:\/\/sybillemarvin.com\/index.php\/livres-sybille-marvin-ecommerce\/#psy\" class=\"elementor-sub-item elementor-item-anchor\" tabindex=\"-1\">Univers Adulte Romans Psychologiques<\/a><\/li>\n\t<li class=\"menu-item menu-item-type-custom menu-item-object-custom menu-item-675\"><a href=\"https:\/\/sybillemarvin.com\/index.php\/livres-sybille-marvin-ecommerce\/#feelgood\" class=\"elementor-sub-item elementor-item-anchor\" tabindex=\"-1\">Univers Adulte Feel Good<\/a><\/li>\n\t<li class=\"menu-item menu-item-type-custom menu-item-object-custom menu-item-462\"><a href=\"https:\/\/sybillemarvin.com\/index.php\/livres-sybille-marvin-ecommerce\/#albumpsycho\" class=\"elementor-sub-item elementor-item-anchor\" tabindex=\"-1\">Univers Enfant<\/a><\/li>\n<\/ul>\n<\/li>\n<li class=\"menu-item menu-item-type-custom menu-item-object-custom menu-item-home menu-item-749\"><a href=\"https:\/\/sybillemarvin.com\/#actualites\" class=\"elementor-item elementor-item-anchor\" tabindex=\"-1\">Rencontres &#038; D\u00e9dicaces<\/a><\/li>\n<li class=\"menu-item menu-item-type-custom menu-item-object-custom menu-item-363\"><a href=\"https:\/\/sybillemarvin.com\/index.php\/actualites-blog-sybille-marvin\/\" class=\"elementor-item\" tabindex=\"-1\">Actualit\u00e9s &#038; Presse<\/a><\/li>\n<li class=\"menu-item menu-item-type-post_type menu-item-object-page menu-item-482\"><a href=\"https:\/\/sybillemarvin.com\/index.php\/nouvelles-en-ligne-sybille-marvin\/\" class=\"elementor-item\" tabindex=\"-1\">Nouvelles \u00e0 lire en ligne<\/a><\/li>\n<li class=\"menu-item menu-item-type-post_type menu-item-object-page menu-item-423\"><a href=\"https:\/\/sybillemarvin.com\/index.php\/a-propos-sybille-marvin\/\" class=\"elementor-item\" tabindex=\"-1\">A propos de Sybille Marvin<\/a><\/li>\n<li class=\"menu-item menu-item-type-post_type menu-item-object-page menu-item-406\"><a href=\"https:\/\/sybillemarvin.com\/index.php\/contact-sybille-marvin-autrice\/\" class=\"elementor-item\" tabindex=\"-1\">Contact<\/a><\/li>\n<\/ul>\t\t\t<\/nav>\n\t\t\t\t\t\t<\/div>\n\t\t\t\t<\/div>\n\t\t\t\t<\/div>\n\t\t<div class=\"elementor-element elementor-element-721cb8f3 e-con-full e-flex e-con e-parent\" data-id=\"721cb8f3\" data-element_type=\"container\" data-e-type=\"container\" data-settings=\"{&quot;background_background&quot;:&quot;gradient&quot;}\">\n\t\t\t\t<div class=\"elementor-element elementor-element-790b015f elementor-widget-divider--view-line elementor-widget elementor-widget-divider\" data-id=\"790b015f\" data-element_type=\"widget\" data-e-type=\"widget\" data-widget_type=\"divider.default\">\n\t\t\t\t<div class=\"elementor-widget-container\">\n\t\t\t\t\t\t\t<div class=\"elementor-divider\">\n\t\t\t<span class=\"elementor-divider-separator\">\n\t\t\t\t\t\t<\/span>\n\t\t<\/div>\n\t\t\t\t\t\t<\/div>\n\t\t\t\t<\/div>\n\t\t\t\t<div class=\"elementor-element elementor-element-4ca6a5c7 elementor-widget elementor-widget-heading\" data-id=\"4ca6a5c7\" data-element_type=\"widget\" data-e-type=\"widget\" data-widget_type=\"heading.default\">\n\t\t\t\t<div class=\"elementor-widget-container\">\n\t\t\t\t\t<h2 class=\"elementor-heading-title elementor-size-default\"><b>Restons<\/b> <br> en contact<\/h2>\t\t\t\t<\/div>\n\t\t\t\t<\/div>\n\t\t<div class=\"elementor-element elementor-element-6dd36af6 e-flex e-con-boxed e-con e-child\" data-id=\"6dd36af6\" data-element_type=\"container\" data-e-type=\"container\">\n\t\t\t\t\t<div class=\"e-con-inner\">\n\t\t\t\t<div class=\"elementor-element elementor-element-6145395a elementor-button-align-stretch elementor-widget elementor-widget-form\" data-id=\"6145395a\" data-element_type=\"widget\" data-e-type=\"widget\" data-settings=\"{&quot;step_next_label&quot;:&quot;Suivant&quot;,&quot;step_previous_label&quot;:&quot;Pr\\u00e9c\\u00e9dent&quot;,&quot;button_width&quot;:&quot;100&quot;,&quot;step_type&quot;:&quot;number_text&quot;,&quot;step_icon_shape&quot;:&quot;circle&quot;}\" data-widget_type=\"form.default\">\n\t\t\t\t<div class=\"elementor-widget-container\">\n\t\t\t\t\t\t\t<form class=\"elementor-form\" method=\"post\" name=\"Nouveau formulaire\" aria-label=\"Nouveau formulaire\">\n\t\t\t<input type=\"hidden\" name=\"post_id\" value=\"397\"\/>\n\t\t\t<input type=\"hidden\" name=\"form_id\" value=\"6145395a\"\/>\n\t\t\t<input type=\"hidden\" name=\"referer_title\" value=\"Contact - Sybille Marvin\" \/>\n\n\t\t\t\t\t\t\t<input type=\"hidden\" name=\"queried_id\" value=\"397\"\/>\n\t\t\t\n\t\t\t<div class=\"elementor-form-fields-wrapper elementor-labels-above\">\n\t\t\t\t\t\t\t\t<div class=\"elementor-field-type-text elementor-field-group elementor-column elementor-field-group-name elementor-col-100\">\n\t\t\t\t\t\t\t\t\t\t\t\t<label for=\"form-field-name\" class=\"elementor-field-label\">\n\t\t\t\t\t\t\t\tNom\t\t\t\t\t\t\t<\/label>\n\t\t\t\t\t\t\t\t\t\t\t\t\t\t<input size=\"1\" type=\"text\" name=\"form_fields[name]\" id=\"form-field-name\" class=\"elementor-field elementor-size-sm  elementor-field-textual\" placeholder=\"Nom\">\n\t\t\t\t\t\t\t\t\t\t\t<\/div>\n\t\t\t\t\t\t\t\t<div class=\"elementor-field-type-email elementor-field-group elementor-column elementor-field-group-email elementor-col-100 elementor-field-required\">\n\t\t\t\t\t\t\t\t\t\t\t\t<label for=\"form-field-email\" class=\"elementor-field-label\">\n\t\t\t\t\t\t\t\tE-mail\t\t\t\t\t\t\t<\/label>\n\t\t\t\t\t\t\t\t\t\t\t\t\t\t<input size=\"1\" type=\"email\" name=\"form_fields[email]\" id=\"form-field-email\" class=\"elementor-field elementor-size-sm  elementor-field-textual\" placeholder=\"E-mail\" required=\"required\">\n\t\t\t\t\t\t\t\t\t\t\t<\/div>\n\t\t\t\t\t\t\t\t<div class=\"elementor-field-type-textarea elementor-field-group elementor-column elementor-field-group-message elementor-col-100\">\n\t\t\t\t\t\t\t\t\t\t\t\t<label for=\"form-field-message\" class=\"elementor-field-label\">\n\t\t\t\t\t\t\t\tMessage\t\t\t\t\t\t\t<\/label>\n\t\t\t\t\t\t<textarea class=\"elementor-field-textual elementor-field  elementor-size-sm\" name=\"form_fields[message]\" id=\"form-field-message\" rows=\"4\" placeholder=\"Votre message\"><\/textarea>\t\t\t\t<\/div>\n\t\t\t\t\t\t\t\t<div class=\"elementor-field-type-recaptcha elementor-field-group elementor-column elementor-field-group-field_40c0207 elementor-col-100\">\n\t\t\t\t\t<div class=\"elementor-field\" id=\"form-field-field_40c0207\"><div class=\"elementor-g-recaptcha\" data-sitekey=\"6LffQfoqAAAAAIx2v6jEXTc9QlSeHO_kn1Zl-WdZ\" data-type=\"v2_checkbox\" data-theme=\"light\" data-size=\"normal\"><\/div><\/div>\t\t\t\t<\/div>\n\t\t\t\t\t\t\t\t<div class=\"elementor-field-group elementor-column elementor-field-type-submit elementor-col-100 e-form__buttons\">\n\t\t\t\t\t<button class=\"elementor-button elementor-size-sm\" type=\"submit\">\n\t\t\t\t\t\t<span class=\"elementor-button-content-wrapper\">\n\t\t\t\t\t\t\t\t\t\t\t\t\t\t\t\t\t\t\t\t\t\t<span class=\"elementor-button-text\">Envoyer<\/span>\n\t\t\t\t\t\t\t\t\t\t\t\t\t<\/span>\n\t\t\t\t\t<\/button>\n\t\t\t\t<\/div>\n\t\t\t<\/div>\n\t\t<\/form>\n\t\t\t\t\t\t<\/div>\n\t\t\t\t<\/div>\n\t\t\t\t\t<\/div>\n\t\t\t\t<\/div>\n\t\t\t\t<\/div>\n\t\t\t\t<\/div>\n\t\t","protected":false},"excerpt":{"rendered":"<p>SYBILLEMARVINautrice Restons en contact<\/p>\n","protected":false},"author":2,"featured_media":0,"parent":0,"menu_order":0,"comment_status":"closed","ping_status":"closed","template":"elementor_canvas","meta":{"footnotes":""},"class_list":["post-397","page","type-page","status-publish","hentry"],"yoast_head":"<!-- This site is optimized with the Yoast SEO plugin v27.3 - https:\/\/yoast.com\/product\/yoast-seo-wordpress\/ -->\n<title>Contact - Sybille Marvin<\/title>\n<meta name=\"description\" content=\"Contactez Sybille Marvin, autrice prolifique et passionn\u00e9e, pour des collaborations, des \u00e9v\u00e9nements litt\u00e9raires, ou simplement pour \u00e9changer sur ses \u0153uvres.\" \/>\n<meta name=\"robots\" content=\"index, follow, max-snippet:-1, max-image-preview:large, max-video-preview:-1\" \/>\n<link rel=\"canonical\" href=\"https:\/\/sybillemarvin.com\/index.php\/contact-sybille-marvin-autrice\/\" \/>\n<meta property=\"og:locale\" content=\"fr_FR\" \/>\n<meta property=\"og:type\" content=\"article\" \/>\n<meta property=\"og:title\" content=\"Contact - Sybille Marvin\" \/>\n<meta property=\"og:description\" content=\"Contactez Sybille Marvin, autrice prolifique et passionn\u00e9e, pour des collaborations, des \u00e9v\u00e9nements litt\u00e9raires, ou simplement pour \u00e9changer sur ses \u0153uvres.\" \/>\n<meta property=\"og:url\" content=\"https:\/\/sybillemarvin.com\/index.php\/contact-sybille-marvin-autrice\/\" \/>\n<meta property=\"og:site_name\" content=\"Sybille Marvin\" \/>\n<meta property=\"article:publisher\" content=\"https:\/\/www.facebook.com\/people\/Sybille-Marvin\/pfbid0RmhxE8VKfphhY3YttAS7QKAtqhbfSNSvVz1U761sS4WK4gnhRzLCUJa9GxmBU79ul\/\" \/>\n<meta property=\"article:modified_time\" content=\"2025-03-20T07:40:33+00:00\" \/>\n<meta name=\"twitter:card\" content=\"summary_large_image\" \/>\n<meta name=\"twitter:label1\" content=\"Dur\u00e9e de lecture estim\u00e9e\" \/>\n\t<meta name=\"twitter:data1\" content=\"1 minute\" \/>\n<script type=\"application\/ld+json\" class=\"yoast-schema-graph\">{\"@context\":\"https:\\\/\\\/schema.org\",\"@graph\":[{\"@type\":\"WebPage\",\"@id\":\"https:\\\/\\\/sybillemarvin.com\\\/index.php\\\/contact-sybille-marvin-autrice\\\/\",\"url\":\"https:\\\/\\\/sybillemarvin.com\\\/index.php\\\/contact-sybille-marvin-autrice\\\/\",\"name\":\"Contact - Sybille Marvin\",\"isPartOf\":{\"@id\":\"https:\\\/\\\/sybillemarvin.com\\\/#website\"},\"datePublished\":\"2024-07-17T19:53:19+00:00\",\"dateModified\":\"2025-03-20T07:40:33+00:00\",\"description\":\"Contactez Sybille Marvin, autrice prolifique et passionn\u00e9e, pour des collaborations, des \u00e9v\u00e9nements litt\u00e9raires, ou simplement pour \u00e9changer sur ses \u0153uvres.\",\"breadcrumb\":{\"@id\":\"https:\\\/\\\/sybillemarvin.com\\\/index.php\\\/contact-sybille-marvin-autrice\\\/#breadcrumb\"},\"inLanguage\":\"fr-FR\",\"potentialAction\":[{\"@type\":\"ReadAction\",\"target\":[\"https:\\\/\\\/sybillemarvin.com\\\/index.php\\\/contact-sybille-marvin-autrice\\\/\"]}]},{\"@type\":\"BreadcrumbList\",\"@id\":\"https:\\\/\\\/sybillemarvin.com\\\/index.php\\\/contact-sybille-marvin-autrice\\\/#breadcrumb\",\"itemListElement\":[{\"@type\":\"ListItem\",\"position\":1,\"name\":\"Accueil\",\"item\":\"https:\\\/\\\/sybillemarvin.com\\\/\"},{\"@type\":\"ListItem\",\"position\":2,\"name\":\"Contact\"}]},{\"@type\":\"WebSite\",\"@id\":\"https:\\\/\\\/sybillemarvin.com\\\/#website\",\"url\":\"https:\\\/\\\/sybillemarvin.com\\\/\",\"name\":\"Sybille Marvin\",\"description\":\"Autrice\",\"publisher\":{\"@id\":\"https:\\\/\\\/sybillemarvin.com\\\/#organization\"},\"potentialAction\":[{\"@type\":\"SearchAction\",\"target\":{\"@type\":\"EntryPoint\",\"urlTemplate\":\"https:\\\/\\\/sybillemarvin.com\\\/?s={search_term_string}\"},\"query-input\":{\"@type\":\"PropertyValueSpecification\",\"valueRequired\":true,\"valueName\":\"search_term_string\"}}],\"inLanguage\":\"fr-FR\"},{\"@type\":\"Organization\",\"@id\":\"https:\\\/\\\/sybillemarvin.com\\\/#organization\",\"name\":\"Sybille Marvin\",\"url\":\"https:\\\/\\\/sybillemarvin.com\\\/\",\"logo\":{\"@type\":\"ImageObject\",\"inLanguage\":\"fr-FR\",\"@id\":\"https:\\\/\\\/sybillemarvin.com\\\/#\\\/schema\\\/logo\\\/image\\\/\",\"url\":\"https:\\\/\\\/sybillemarvin.com\\\/wp-content\\\/uploads\\\/2024\\\/06\\\/DALL\u00b7E-2024-06-05-17.27.58-Create-a-logo-for-a-novelist-named-Sybille-Marvin.-The-design-should-be-elegant-and-literary-incorporating-elements-such-as-a-quill-pen-an-open-book.webp\",\"contentUrl\":\"https:\\\/\\\/sybillemarvin.com\\\/wp-content\\\/uploads\\\/2024\\\/06\\\/DALL\u00b7E-2024-06-05-17.27.58-Create-a-logo-for-a-novelist-named-Sybille-Marvin.-The-design-should-be-elegant-and-literary-incorporating-elements-such-as-a-quill-pen-an-open-book.webp\",\"width\":1024,\"height\":1024,\"caption\":\"Sybille Marvin\"},\"image\":{\"@id\":\"https:\\\/\\\/sybillemarvin.com\\\/#\\\/schema\\\/logo\\\/image\\\/\"},\"sameAs\":[\"https:\\\/\\\/www.facebook.com\\\/people\\\/Sybille-Marvin\\\/pfbid0RmhxE8VKfphhY3YttAS7QKAtqhbfSNSvVz1U761sS4WK4gnhRzLCUJa9GxmBU79ul\\\/\",\"https:\\\/\\\/www.instagram.com\\\/sybillemarvin\\\/\"]}]}<\/script>\n<!-- \/ Yoast SEO plugin. -->","yoast_head_json":{"title":"Contact - Sybille Marvin","description":"Contactez Sybille Marvin, autrice prolifique et passionn\u00e9e, pour des collaborations, des \u00e9v\u00e9nements litt\u00e9raires, ou simplement pour \u00e9changer sur ses \u0153uvres.","robots":{"index":"index","follow":"follow","max-snippet":"max-snippet:-1","max-image-preview":"max-image-preview:large","max-video-preview":"max-video-preview:-1"},"canonical":"https:\/\/sybillemarvin.com\/index.php\/contact-sybille-marvin-autrice\/","og_locale":"fr_FR","og_type":"article","og_title":"Contact - Sybille Marvin","og_description":"Contactez Sybille Marvin, autrice prolifique et passionn\u00e9e, pour des collaborations, des \u00e9v\u00e9nements litt\u00e9raires, ou simplement pour \u00e9changer sur ses \u0153uvres.","og_url":"https:\/\/sybillemarvin.com\/index.php\/contact-sybille-marvin-autrice\/","og_site_name":"Sybille Marvin","article_publisher":"https:\/\/www.facebook.com\/people\/Sybille-Marvin\/pfbid0RmhxE8VKfphhY3YttAS7QKAtqhbfSNSvVz1U761sS4WK4gnhRzLCUJa9GxmBU79ul\/","article_modified_time":"2025-03-20T07:40:33+00:00","twitter_card":"summary_large_image","twitter_misc":{"Dur\u00e9e de lecture estim\u00e9e":"1 minute"},"schema":{"@context":"https:\/\/schema.org","@graph":[{"@type":"WebPage","@id":"https:\/\/sybillemarvin.com\/index.php\/contact-sybille-marvin-autrice\/","url":"https:\/\/sybillemarvin.com\/index.php\/contact-sybille-marvin-autrice\/","name":"Contact - Sybille Marvin","isPartOf":{"@id":"https:\/\/sybillemarvin.com\/#website"},"datePublished":"2024-07-17T19:53:19+00:00","dateModified":"2025-03-20T07:40:33+00:00","description":"Contactez Sybille Marvin, autrice prolifique et passionn\u00e9e, pour des collaborations, des \u00e9v\u00e9nements litt\u00e9raires, ou simplement pour \u00e9changer sur ses \u0153uvres.","breadcrumb":{"@id":"https:\/\/sybillemarvin.com\/index.php\/contact-sybille-marvin-autrice\/#breadcrumb"},"inLanguage":"fr-FR","potentialAction":[{"@type":"ReadAction","target":["https:\/\/sybillemarvin.com\/index.php\/contact-sybille-marvin-autrice\/"]}]},{"@type":"BreadcrumbList","@id":"https:\/\/sybillemarvin.com\/index.php\/contact-sybille-marvin-autrice\/#breadcrumb","itemListElement":[{"@type":"ListItem","position":1,"name":"Accueil","item":"https:\/\/sybillemarvin.com\/"},{"@type":"ListItem","position":2,"name":"Contact"}]},{"@type":"WebSite","@id":"https:\/\/sybillemarvin.com\/#website","url":"https:\/\/sybillemarvin.com\/","name":"Sybille Marvin","description":"Autrice","publisher":{"@id":"https:\/\/sybillemarvin.com\/#organization"},"potentialAction":[{"@type":"SearchAction","target":{"@type":"EntryPoint","urlTemplate":"https:\/\/sybillemarvin.com\/?s={search_term_string}"},"query-input":{"@type":"PropertyValueSpecification","valueRequired":true,"valueName":"search_term_string"}}],"inLanguage":"fr-FR"},{"@type":"Organization","@id":"https:\/\/sybillemarvin.com\/#organization","name":"Sybille Marvin","url":"https:\/\/sybillemarvin.com\/","logo":{"@type":"ImageObject","inLanguage":"fr-FR","@id":"https:\/\/sybillemarvin.com\/#\/schema\/logo\/image\/","url":"https:\/\/sybillemarvin.com\/wp-content\/uploads\/2024\/06\/DALL\u00b7E-2024-06-05-17.27.58-Create-a-logo-for-a-novelist-named-Sybille-Marvin.-The-design-should-be-elegant-and-literary-incorporating-elements-such-as-a-quill-pen-an-open-book.webp","contentUrl":"https:\/\/sybillemarvin.com\/wp-content\/uploads\/2024\/06\/DALL\u00b7E-2024-06-05-17.27.58-Create-a-logo-for-a-novelist-named-Sybille-Marvin.-The-design-should-be-elegant-and-literary-incorporating-elements-such-as-a-quill-pen-an-open-book.webp","width":1024,"height":1024,"caption":"Sybille Marvin"},"image":{"@id":"https:\/\/sybillemarvin.com\/#\/schema\/logo\/image\/"},"sameAs":["https:\/\/www.facebook.com\/people\/Sybille-Marvin\/pfbid0RmhxE8VKfphhY3YttAS7QKAtqhbfSNSvVz1U761sS4WK4gnhRzLCUJa9GxmBU79ul\/","https:\/\/www.instagram.com\/sybillemarvin\/"]}]}},"jetpack_sharing_enabled":true,"_links":{"self":[{"href":"https:\/\/sybillemarvin.com\/index.php\/wp-json\/wp\/v2\/pages\/397","targetHints":{"allow":["GET"]}}],"collection":[{"href":"https:\/\/sybillemarvin.com\/index.php\/wp-json\/wp\/v2\/pages"}],"about":[{"href":"https:\/\/sybillemarvin.com\/index.php\/wp-json\/wp\/v2\/types\/page"}],"author":[{"embeddable":true,"href":"https:\/\/sybillemarvin.com\/index.php\/wp-json\/wp\/v2\/users\/2"}],"replies":[{"embeddable":true,"href":"https:\/\/sybillemarvin.com\/index.php\/wp-json\/wp\/v2\/comments?post=397"}],"version-history":[{"count":13,"href":"https:\/\/sybillemarvin.com\/index.php\/wp-json\/wp\/v2\/pages\/397\/revisions"}],"predecessor-version":[{"id":724,"href":"https:\/\/sybillemarvin.com\/index.php\/wp-json\/wp\/v2\/pages\/397\/revisions\/724"}],"wp:attachment":[{"href":"https:\/\/sybillemarvin.com\/index.php\/wp-json\/wp\/v2\/media?parent=397"}],"curies":[{"name":"wp","href":"https:\/\/api.w.org\/{rel}","templated":true}]}}